{"id":4343,"date":"2024-02-14T12:09:14","date_gmt":"2024-02-14T11:09:14","guid":{"rendered":"https:\/\/storasundby.com\/?page_id=4343"},"modified":"2026-03-16T11:15:34","modified_gmt":"2026-03-16T10:15:34","slug":"work","status":"publish","type":"page","link":"https:\/\/storasundby.com\/en\/work\/","title":{"rendered":"Work"},"content":{"rendered":"<div data-elementor-type=\"wp-page\" data-elementor-id=\"4343\" class=\"elementor elementor-4343\" data-elementor-post-type=\"page\">\n\t\t\t\t\t\t<section class=\"elementor-section elementor-top-section elementor-element elementor-element-49f37c6 elementor-section-boxed elementor-section-height-default elementor-section-height-default\" data-id=\"49f37c6\" data-element_type=\"section\">\n\t\t\t\t\t\t<div class=\"elementor-container elementor-column-gap-default\">\n\t\t\t\t\t<div class=\"elementor-column elementor-col-100 elementor-top-column elementor-element elementor-element-cc6cb03\" data-id=\"cc6cb03\" data-element_type=\"column\">\n\t\t\t<div class=\"elementor-widget-wrap elementor-element-populated\">\n\t\t\t\t\t\t<div class=\"elementor-element elementor-element-a5d3663 elementor-widget elementor-widget-heading\" data-id=\"a5d3663\" data-element_type=\"widget\" data-widget_type=\"heading.default\">\n\t\t\t\t<div class=\"elementor-widget-container\">\n\t\t\t\t\t<h1 class=\"elementor-heading-title elementor-size-default\">Work<\/h1>\t\t\t\t<\/div>\n\t\t\t\t<\/div>\n\t\t\t\t\t<\/div>\n\t\t<\/div>\n\t\t\t\t\t<\/div>\n\t\t<\/section>\n\t\t\t\t<section class=\"elementor-section elementor-top-section elementor-element elementor-element-5a95c98 elementor-section-boxed elementor-section-height-default elementor-section-height-default\" data-id=\"5a95c98\" data-element_type=\"section\">\n\t\t\t\t\t\t<div class=\"elementor-container elementor-column-gap-default\">\n\t\t\t\t\t<div class=\"elementor-column elementor-col-100 elementor-top-column elementor-element elementor-element-46e07d0\" data-id=\"46e07d0\" data-element_type=\"column\">\n\t\t\t<div class=\"elementor-widget-wrap elementor-element-populated\">\n\t\t\t\t\t\t<div class=\"elementor-element elementor-element-b7a2de5 elementor-widget__width-initial elementor-widget elementor-widget-heading\" data-id=\"b7a2de5\" data-element_type=\"widget\" data-widget_type=\"heading.default\">\n\t\t\t\t<div class=\"elementor-widget-container\">\n\t\t\t\t\t<h2 class=\"elementor-heading-title elementor-size-default\">We are currently looking for<\/h2>\t\t\t\t<\/div>\n\t\t\t\t<\/div>\n\t\t\t\t<div class=\"elementor-element elementor-element-2da71b8 elementor-widget__width-initial elementor-widget elementor-widget-text-editor\" data-id=\"2da71b8\" data-element_type=\"widget\" data-widget_type=\"text-editor.default\">\n\t\t\t\t<div class=\"elementor-widget-container\">\n\t\t\t\t\t\t\t\t\t<ul>\n<li><a href=\"https:\/\/storasundby.com\/app\/uploads\/2025\/12\/Cafebitrade.pdf\">Caf\u00e9 assistant<\/a><\/li>\n<li><a href=\"https:\/\/storasundby.com\/app\/uploads\/2025\/12\/Bitradande-cafeansvarig.pdf\">Assistant caf\u00e9 manager<\/a><\/li>\n<li><a href=\"https:\/\/storasundby.com\/app\/uploads\/2026\/01\/Gardsbutik-2026.pdf\" target=\"_blank\" rel=\"noopener\">Shop assistant for G\u00e5rdsbutiken<\/a><\/li>\n<li><a href=\"https:\/\/storasundby.com\/app\/uploads\/2026\/03\/Annons-Verksamhetskoordinator.pdf\" target=\"_blank\">Operations Coordinator (50%)<\/a><\/li>\n<\/ul>\n<div><br><\/div>\n<div><br><\/div>\t\t\t\t\t\t\t\t<\/div>\n\t\t\t\t<\/div>\n\t\t\t\t\t<\/div>\n\t\t<\/div>\n\t\t\t\t\t<\/div>\n\t\t<\/section>\n\t\t\t\t<section class=\"elementor-section elementor-top-section elementor-element elementor-element-1230319 elementor-reverse-mobile elementor-section-boxed elementor-section-height-default elementor-section-height-default\" data-id=\"1230319\" data-element_type=\"section\">\n\t\t\t\t\t\t<div class=\"elementor-container elementor-column-gap-default\">\n\t\t\t\t\t<div class=\"elementor-column elementor-col-50 elementor-top-column elementor-element elementor-element-dd76265\" data-id=\"dd76265\" data-element_type=\"column\">\n\t\t\t<div class=\"elementor-widget-wrap elementor-element-populated\">\n\t\t\t\t\t\t<div class=\"elementor-element elementor-element-3b0d534 elementor-widget elementor-widget-text-editor\" data-id=\"3b0d534\" data-element_type=\"widget\" data-widget_type=\"text-editor.default\">\n\t\t\t\t<div class=\"elementor-widget-container\">\n\t\t\t\t\t\t\t\t\t<h5>Do you want to work in one of Sweden's most beautiful environments?<\/h5>\n<p class=\" translation-block\">We are always looking for talented employees in agriculture, tourism and hunting. Send an email to <a href=\"mailto:jobb@storasundby.com\" target=\"_blank\" rel=\"noopener\">jobb@storasundby.com<\/a> if you would like to register your interest or someone you know. We look forward to hearing from you!<\/p>\t\t\t\t\t\t\t\t<\/div>\n\t\t\t\t<\/div>\n\t\t\t\t\t<\/div>\n\t\t<\/div>\n\t\t\t\t<div class=\"elementor-column elementor-col-50 elementor-top-column elementor-element elementor-element-00857af\" data-id=\"00857af\" data-element_type=\"column\">\n\t\t\t<div class=\"elementor-widget-wrap elementor-element-populated\">\n\t\t\t\t\t\t<div class=\"elementor-element elementor-element-9527eb5 elementor-widget elementor-widget-image\" data-id=\"9527eb5\" data-element_type=\"widget\" data-widget_type=\"image.default\">\n\t\t\t\t<div class=\"elementor-widget-container\">\n\t\t\t\t\t\t\t\t\t\t\t\t\t\t\t<img fetchpriority=\"high\" decoding=\"async\" width=\"800\" height=\"534\" src=\"https:\/\/storasundby.com\/app\/uploads\/2024\/02\/stora-sundby-castle-2.jpg\" class=\"attachment-large size-large wp-image-4391\" alt=\"\" srcset=\"https:\/\/storasundby.com\/app\/uploads\/2024\/02\/stora-sundby-castle-2.jpg 1000w, https:\/\/storasundby.com\/app\/uploads\/2024\/02\/stora-sundby-castle-2-300x200.jpg 300w, https:\/\/storasundby.com\/app\/uploads\/2024\/02\/stora-sundby-castle-2-768x512.jpg 768w, https:\/\/storasundby.com\/app\/uploads\/2024\/02\/stora-sundby-castle-2-18x12.jpg 18w\" sizes=\"(max-width: 800px) 100vw, 800px\" \/>\t\t\t\t\t\t\t\t\t\t\t\t\t\t\t<\/div>\n\t\t\t\t<\/div>\n\t\t\t\t\t<\/div>\n\t\t<\/div>\n\t\t\t\t\t<\/div>\n\t\t<\/section>\n\t\t\t\t<\/div>","protected":false},"excerpt":{"rendered":"<p>Jobb Just nu s\u00f6ker vi Caf\u00e9bitr\u00e4de Bitr\u00e4dande caf\u00e9ansvarig Butiksbitr\u00e4de till G\u00e5rdsbutiken Verksamhetskoordinator (50%) Vill du jobba i en av Sveriges vackraste milj\u00f6er? Vi s\u00f6ker alltid duktiga medarbetare inom lantbruk, turism och jakt. Skicka ett mail till jobb@storasundby.com om du vill anm\u00e4la intresse f\u00f6r dig eller n\u00e5gon du k\u00e4nner. Ser fram emot att h\u00f6ra av er!<\/p>","protected":false},"author":1,"featured_media":0,"parent":0,"menu_order":0,"comment_status":"closed","ping_status":"closed","template":"","meta":{"_acf_changed":false,"footnotes":""},"class_list":["post-4343","page","type-page","status-publish","hentry"],"acf":[],"_links":{"self":[{"href":"https:\/\/storasundby.com\/en\/wp-json\/wp\/v2\/pages\/4343","targetHints":{"allow":["GET"]}}],"collection":[{"href":"https:\/\/storasundby.com\/en\/wp-json\/wp\/v2\/pages"}],"about":[{"href":"https:\/\/storasundby.com\/en\/wp-json\/wp\/v2\/types\/page"}],"author":[{"embeddable":true,"href":"https:\/\/storasundby.com\/en\/wp-json\/wp\/v2\/users\/1"}],"replies":[{"embeddable":true,"href":"https:\/\/storasundby.com\/en\/wp-json\/wp\/v2\/comments?post=4343"}],"version-history":[{"count":112,"href":"https:\/\/storasundby.com\/en\/wp-json\/wp\/v2\/pages\/4343\/revisions"}],"predecessor-version":[{"id":5242,"href":"https:\/\/storasundby.com\/en\/wp-json\/wp\/v2\/pages\/4343\/revisions\/5242"}],"wp:attachment":[{"href":"https:\/\/storasundby.com\/en\/wp-json\/wp\/v2\/media?parent=4343"}],"curies":[{"name":"wp","href":"https:\/\/api.w.org\/{rel}","templated":true}]}}